{"id":503,"date":"2024-05-10T17:48:15","date_gmt":"2024-05-10T15:48:15","guid":{"rendered":"https:\/\/azuloro.local\/?page_id=503"},"modified":"2026-03-27T20:37:04","modified_gmt":"2026-03-27T19:37:04","slug":"o-nas","status":"publish","type":"page","link":"https:\/\/azuloromarbella.es\/pl\/o-nas\/","title":{"rendered":"O nas"},"content":{"rendered":"","protected":false},"excerpt":{"rendered":"","protected":false},"author":1,"featured_media":0,"parent":0,"menu_order":0,"comment_status":"closed","ping_status":"closed","template":"template-builder.php","meta":[],"class_list":["post-503","page","type-page","status-publish","hentry"],"yoast_head":"<!-- This site is optimized with the Yoast SEO Premium plugin v27.4 (Yoast SEO v27.4) - https:\/\/yoast.com\/product\/yoast-seo-premium-wordpress\/ -->\n<title>O nas<\/title>\n<meta name=\"description\" content=\"Poznaj Azulo Oro Marbella. Twoje zaufane biuro nieruchomo\u015bci na Costa del Sol. Ekspercka wiedza i luksusowe oferty w Esteponie i okolicy.\" \/>\n<meta name=\"robots\" content=\"index, follow, max-snippet:-1, max-image-preview:large, max-video-preview:-1\" \/>\n<link rel=\"canonical\" href=\"https:\/\/azuloromarbella.es\/pl\/o-nas\/\" \/>\n<meta property=\"og:locale\" content=\"pl_PL\" \/>\n<meta property=\"og:type\" content=\"article\" \/>\n<meta property=\"og:title\" content=\"O nas\" \/>\n<meta property=\"og:description\" content=\"Poznaj Azulo Oro Marbella. Twoje zaufane biuro nieruchomo\u015bci na Costa del Sol. Ekspercka wiedza i luksusowe oferty w Esteponie i okolicy.\" \/>\n<meta property=\"og:url\" content=\"https:\/\/azuloromarbella.es\/pl\/o-nas\/\" \/>\n<meta property=\"og:site_name\" content=\"AzuloroMarbella\" \/>\n<meta property=\"article:publisher\" content=\"https:\/\/www.facebook.com\/azuloromarbella\/\" \/>\n<meta property=\"article:modified_time\" content=\"2026-03-27T19:37:04+00:00\" \/>\n<meta property=\"og:image\" content=\"https:\/\/azuloromarbella.es\/wp-content\/uploads\/2025\/12\/LOGO_YOAST-gigapixel-high-fidelity-v2-4x.jpeg\" \/>\n\t<meta property=\"og:image:width\" content=\"1200\" \/>\n\t<meta property=\"og:image:height\" content=\"1200\" \/>\n\t<meta property=\"og:image:type\" content=\"image\/jpeg\" \/>\n<meta name=\"twitter:card\" content=\"summary_large_image\" \/>\n<meta name=\"twitter:label1\" content=\"Est. reading time\" \/>\n\t<meta name=\"twitter:data1\" content=\"6 minut\" \/>\n<script type=\"application\/ld+json\" class=\"yoast-schema-graph\">{\"@context\":\"https:\\\/\\\/schema.org\",\"@graph\":[{\"@type\":[\"WebPage\",\"AboutPage\"],\"@id\":\"https:\\\/\\\/azuloromarbella.es\\\/pl\\\/o-nas\\\/\",\"url\":\"https:\\\/\\\/azuloromarbella.es\\\/pl\\\/o-nas\\\/\",\"name\":\"O nas\",\"isPartOf\":{\"@id\":\"https:\\\/\\\/azuloromarbella.es\\\/#website\"},\"datePublished\":\"2024-05-10T15:48:15+00:00\",\"dateModified\":\"2026-03-27T19:37:04+00:00\",\"description\":\"Poznaj Azulo Oro Marbella. Twoje zaufane biuro nieruchomo\u015bci na Costa del Sol. Ekspercka wiedza i luksusowe oferty w Esteponie i okolicy.\",\"breadcrumb\":{\"@id\":\"https:\\\/\\\/azuloromarbella.es\\\/pl\\\/o-nas\\\/#breadcrumb\"},\"inLanguage\":\"pl-PL\",\"potentialAction\":[{\"@type\":\"ReadAction\",\"target\":[\"https:\\\/\\\/azuloromarbella.es\\\/pl\\\/o-nas\\\/\"]}]},{\"@type\":\"BreadcrumbList\",\"@id\":\"https:\\\/\\\/azuloromarbella.es\\\/pl\\\/o-nas\\\/#breadcrumb\",\"itemListElement\":[{\"@type\":\"ListItem\",\"position\":1,\"name\":\"Home\",\"item\":\"https:\\\/\\\/azuloromarbella.es\\\/pl\\\/\"},{\"@type\":\"ListItem\",\"position\":2,\"name\":\"O nas\"}]},{\"@type\":\"WebSite\",\"@id\":\"https:\\\/\\\/azuloromarbella.es\\\/#website\",\"url\":\"https:\\\/\\\/azuloromarbella.es\\\/\",\"name\":\"AzuloroMarbella\",\"description\":\"Tw\u00f3j dom na Costa del Sol | Ekskluzywne apartamenty i wille\",\"publisher\":{\"@id\":\"https:\\\/\\\/azuloromarbella.es\\\/#organization\"},\"alternateName\":\"Azulo Oro\",\"potentialAction\":[{\"@type\":\"SearchAction\",\"target\":{\"@type\":\"EntryPoint\",\"urlTemplate\":\"https:\\\/\\\/azuloromarbella.es\\\/?s={search_term_string}\"},\"query-input\":{\"@type\":\"PropertyValueSpecification\",\"valueRequired\":true,\"valueName\":\"search_term_string\"}}],\"inLanguage\":\"pl-PL\"},{\"@type\":\"Organization\",\"@id\":\"https:\\\/\\\/azuloromarbella.es\\\/#organization\",\"name\":\"Azuloro Marbella\",\"alternateName\":\"Nieruchomo\u015bci Costa del Sol Azuloro\",\"url\":\"https:\\\/\\\/azuloromarbella.es\\\/\",\"logo\":{\"@type\":\"ImageObject\",\"inLanguage\":\"pl-PL\",\"@id\":\"https:\\\/\\\/azuloromarbella.es\\\/#\\\/schema\\\/logo\\\/image\\\/\",\"url\":\"https:\\\/\\\/azuloromarbella.es\\\/wp-content\\\/uploads\\\/2025\\\/12\\\/LOGO_YOAST.jpg\",\"contentUrl\":\"https:\\\/\\\/azuloromarbella.es\\\/wp-content\\\/uploads\\\/2025\\\/12\\\/LOGO_YOAST.jpg\",\"width\":512,\"height\":512,\"caption\":\"Azuloro Marbella\"},\"image\":{\"@id\":\"https:\\\/\\\/azuloromarbella.es\\\/#\\\/schema\\\/logo\\\/image\\\/\"},\"sameAs\":[\"https:\\\/\\\/www.facebook.com\\\/azuloromarbella\\\/\",\"https:\\\/\\\/www.instagram.com\\\/azuloro_marbella\\\/\"],\"description\":\"Azuloro Marbella to licencjonowane, polskie biuro nieruchomo\u015bci na Costa del Sol. G\u0142\u00f3wn\u0105 twarz\u0105 i liderem biura jest Agnieszka Mierzwi\u0144ska-W\u00f3jt. Specjalizujemy si\u0119 w bezpiecznej sprzeda\u017cy luksusowych apartament\u00f3w i willi w Marbelli, Esteponie i Benahav\u00eds, oferuj\u0105c pe\u0142ne wsparcie prawne dla polskich inwestor\u00f3w w Hiszpanii.\",\"email\":\"info@azuloromarbella.es\",\"telephone\":\"+34 722 341 456\",\"legalName\":\"Azuloro Marbella SL\",\"numberOfEmployees\":{\"@type\":\"QuantitativeValue\",\"minValue\":\"1\",\"maxValue\":\"10\"},\"publishingPrinciples\":\"https:\\\/\\\/azuloromarbella.es\\\/polityka-prywatnosci\\\/\"}]}<\/script>\n<!-- \/ Yoast SEO Premium plugin. -->","yoast_head_json":{"title":"O nas","description":"Poznaj Azulo Oro Marbella. Twoje zaufane biuro nieruchomo\u015bci na Costa del Sol. Ekspercka wiedza i luksusowe oferty w Esteponie i okolicy.","robots":{"index":"index","follow":"follow","max-snippet":"max-snippet:-1","max-image-preview":"max-image-preview:large","max-video-preview":"max-video-preview:-1"},"canonical":"https:\/\/azuloromarbella.es\/pl\/o-nas\/","og_locale":"pl_PL","og_type":"article","og_title":"O nas","og_description":"Poznaj Azulo Oro Marbella. Twoje zaufane biuro nieruchomo\u015bci na Costa del Sol. Ekspercka wiedza i luksusowe oferty w Esteponie i okolicy.","og_url":"https:\/\/azuloromarbella.es\/pl\/o-nas\/","og_site_name":"AzuloroMarbella","article_publisher":"https:\/\/www.facebook.com\/azuloromarbella\/","article_modified_time":"2026-03-27T19:37:04+00:00","og_image":[{"width":1200,"height":1200,"url":"https:\/\/azuloromarbella.es\/wp-content\/uploads\/2025\/12\/LOGO_YOAST-gigapixel-high-fidelity-v2-4x.jpeg","type":"image\/jpeg"}],"twitter_card":"summary_large_image","twitter_misc":{"Est. reading time":"6 minut"},"schema":{"@context":"https:\/\/schema.org","@graph":[{"@type":["WebPage","AboutPage"],"@id":"https:\/\/azuloromarbella.es\/pl\/o-nas\/","url":"https:\/\/azuloromarbella.es\/pl\/o-nas\/","name":"O nas","isPartOf":{"@id":"https:\/\/azuloromarbella.es\/#website"},"datePublished":"2024-05-10T15:48:15+00:00","dateModified":"2026-03-27T19:37:04+00:00","description":"Poznaj Azulo Oro Marbella. Twoje zaufane biuro nieruchomo\u015bci na Costa del Sol. Ekspercka wiedza i luksusowe oferty w Esteponie i okolicy.","breadcrumb":{"@id":"https:\/\/azuloromarbella.es\/pl\/o-nas\/#breadcrumb"},"inLanguage":"pl-PL","potentialAction":[{"@type":"ReadAction","target":["https:\/\/azuloromarbella.es\/pl\/o-nas\/"]}]},{"@type":"BreadcrumbList","@id":"https:\/\/azuloromarbella.es\/pl\/o-nas\/#breadcrumb","itemListElement":[{"@type":"ListItem","position":1,"name":"Home","item":"https:\/\/azuloromarbella.es\/pl\/"},{"@type":"ListItem","position":2,"name":"O nas"}]},{"@type":"WebSite","@id":"https:\/\/azuloromarbella.es\/#website","url":"https:\/\/azuloromarbella.es\/","name":"AzuloroMarbella","description":"Tw\u00f3j dom na Costa del Sol | Ekskluzywne apartamenty i wille","publisher":{"@id":"https:\/\/azuloromarbella.es\/#organization"},"alternateName":"Azulo Oro","potentialAction":[{"@type":"SearchAction","target":{"@type":"EntryPoint","urlTemplate":"https:\/\/azuloromarbella.es\/?s={search_term_string}"},"query-input":{"@type":"PropertyValueSpecification","valueRequired":true,"valueName":"search_term_string"}}],"inLanguage":"pl-PL"},{"@type":"Organization","@id":"https:\/\/azuloromarbella.es\/#organization","name":"Azuloro Marbella","alternateName":"Nieruchomo\u015bci Costa del Sol Azuloro","url":"https:\/\/azuloromarbella.es\/","logo":{"@type":"ImageObject","inLanguage":"pl-PL","@id":"https:\/\/azuloromarbella.es\/#\/schema\/logo\/image\/","url":"https:\/\/azuloromarbella.es\/wp-content\/uploads\/2025\/12\/LOGO_YOAST.jpg","contentUrl":"https:\/\/azuloromarbella.es\/wp-content\/uploads\/2025\/12\/LOGO_YOAST.jpg","width":512,"height":512,"caption":"Azuloro Marbella"},"image":{"@id":"https:\/\/azuloromarbella.es\/#\/schema\/logo\/image\/"},"sameAs":["https:\/\/www.facebook.com\/azuloromarbella\/","https:\/\/www.instagram.com\/azuloro_marbella\/"],"description":"Azuloro Marbella to licencjonowane, polskie biuro nieruchomo\u015bci na Costa del Sol. G\u0142\u00f3wn\u0105 twarz\u0105 i liderem biura jest Agnieszka Mierzwi\u0144ska-W\u00f3jt. Specjalizujemy si\u0119 w bezpiecznej sprzeda\u017cy luksusowych apartament\u00f3w i willi w Marbelli, Esteponie i Benahav\u00eds, oferuj\u0105c pe\u0142ne wsparcie prawne dla polskich inwestor\u00f3w w Hiszpanii.","email":"info@azuloromarbella.es","telephone":"+34 722 341 456","legalName":"Azuloro Marbella SL","numberOfEmployees":{"@type":"QuantitativeValue","minValue":"1","maxValue":"10"},"publishingPrinciples":"https:\/\/azuloromarbella.es\/polityka-prywatnosci\/"}]}},"_links":{"self":[{"href":"https:\/\/azuloromarbella.es\/pl\/wp-json\/wp\/v2\/pages\/503","targetHints":{"allow":["GET"]}}],"collection":[{"href":"https:\/\/azuloromarbella.es\/pl\/wp-json\/wp\/v2\/pages"}],"about":[{"href":"https:\/\/azuloromarbella.es\/pl\/wp-json\/wp\/v2\/types\/page"}],"author":[{"embeddable":true,"href":"https:\/\/azuloromarbella.es\/pl\/wp-json\/wp\/v2\/users\/1"}],"replies":[{"embeddable":true,"href":"https:\/\/azuloromarbella.es\/pl\/wp-json\/wp\/v2\/comments?post=503"}],"version-history":[{"count":76,"href":"https:\/\/azuloromarbella.es\/pl\/wp-json\/wp\/v2\/pages\/503\/revisions"}],"predecessor-version":[{"id":153184,"href":"https:\/\/azuloromarbella.es\/pl\/wp-json\/wp\/v2\/pages\/503\/revisions\/153184"}],"wp:attachment":[{"href":"https:\/\/azuloromarbella.es\/pl\/wp-json\/wp\/v2\/media?parent=503"}],"curies":[{"name":"wp","href":"https:\/\/api.w.org\/{rel}","templated":true}]}}